{"id":95,"date":"2013-04-09T15:03:20","date_gmt":"2013-04-09T18:03:20","guid":{"rendered":"http:\/\/colegioipal.com\/?page_id=95"},"modified":"2013-05-24T15:27:29","modified_gmt":"2013-05-24T18:27:29","slug":"novedades","status":"publish","type":"page","link":"https:\/\/colegioipal.com\/?page_id=95","title":{"rendered":"Novedades"},"content":{"rendered":"<p style=\"text-align: justify;\"><strong><span style=\"color: #993366;\">Alumnos de la primaria realizaron una visita educativa a<em> La Br\u00fajula &#8211; Exposici\u00f3n de Ciencia y Tecnolog\u00eda.<\/em><\/span><\/strong><\/p>\n<p><a href=\"http:\/\/colegioipal.com\/wp-content\/uploads\/2013\/04\/22052013362.jpg\"><img loading=\"lazy\" decoding=\"async\" class=\"size-medium wp-image-154 aligncenter\" alt=\"La br\u00fajula - IPAL\" src=\"http:\/\/colegioipal.com\/wp-content\/uploads\/2013\/04\/22052013362-300x225.jpg\" width=\"300\" height=\"225\" srcset=\"https:\/\/colegioipal.com\/wp-content\/uploads\/2013\/04\/22052013362-300x225.jpg 300w, https:\/\/colegioipal.com\/wp-content\/uploads\/2013\/04\/22052013362-624x468.jpg 624w, https:\/\/colegioipal.com\/wp-content\/uploads\/2013\/04\/22052013362.jpg 700w\" sizes=\"auto, (max-width: 300px) 100vw, 300px\" \/><\/a><\/p>\n<p style=\"text-align: justify;\"><strong><span><span style=\"color: #339966;\">El d\u00eda 8 de abril se\u00a0inauguraron\u00a0las nuevas aulas del establecimiento con motivo de celebrarse el aniversario del nacimiento de nuestro Patrono. El acto\u00a0cont\u00f3\u00a0con la destacada presencia de La Banda de M\u00fasica de la\u00a0Polic\u00eda\u00a0de Mendoza y el Ballet de la Municipalidad de Guaymall\u00e9n.<\/span><\/span><\/strong><\/p>\n\n\t\t<style type=\"text\/css\">\n\t\t\t#gallery-1 {\n\t\t\t\tmargin: auto;\n\t\t\t}\n\t\t\t#gallery-1 .gallery-item {\n\t\t\t\tfloat: left;\n\t\t\t\tmargin-top: 10px;\n\t\t\t\ttext-align: center;\n\t\t\t\twidth: 33%;\n\t\t\t}\n\t\t\t#gallery-1 img {\n\t\t\t\tborder: 2px solid #cfcfcf;\n\t\t\t}\n\t\t\t#gallery-1 .gallery-caption {\n\t\t\t\tmargin-left: 0;\n\t\t\t}\n\t\t\t\/* see gallery_shortcode() in wp-includes\/media.php *\/\n\t\t<\/style>\n\t\t<div id='gallery-1' class='gallery galleryid-95 gallery-columns-3 gallery-size-thumbnail'><dl class='gallery-item'>\n\t\t\t<dt class='gallery-icon landscape'>\n\t\t\t\t<a href='https:\/\/colegioipal.com\/wp-content\/uploads\/2013\/04\/acto1.jpg'><img loading=\"lazy\" decoding=\"async\" width=\"150\" height=\"150\" src=\"https:\/\/colegioipal.com\/wp-content\/uploads\/2013\/04\/acto1-150x150.jpg\" class=\"attachment-thumbnail size-thumbnail\" alt=\"\" \/><\/a>\n\t\t\t<\/dt><\/dl><dl class='gallery-item'>\n\t\t\t<dt class='gallery-icon landscape'>\n\t\t\t\t<a href='https:\/\/colegioipal.com\/wp-content\/uploads\/2013\/04\/acto2.jpg'><img loading=\"lazy\" decoding=\"async\" width=\"150\" height=\"150\" src=\"https:\/\/colegioipal.com\/wp-content\/uploads\/2013\/04\/acto2-150x150.jpg\" class=\"attachment-thumbnail size-thumbnail\" alt=\"\" \/><\/a>\n\t\t\t<\/dt><\/dl><dl class='gallery-item'>\n\t\t\t<dt class='gallery-icon landscape'>\n\t\t\t\t<a href='https:\/\/colegioipal.com\/wp-content\/uploads\/2013\/04\/acto8.jpg'><img loading=\"lazy\" decoding=\"async\" width=\"150\" height=\"150\" src=\"https:\/\/colegioipal.com\/wp-content\/uploads\/2013\/04\/acto8-150x150.jpg\" class=\"attachment-thumbnail size-thumbnail\" alt=\"\" \/><\/a>\n\t\t\t<\/dt><\/dl><br style=\"clear: both\" \/><dl class='gallery-item'>\n\t\t\t<dt class='gallery-icon landscape'>\n\t\t\t\t<a href='https:\/\/colegioipal.com\/wp-content\/uploads\/2013\/04\/acto6.jpg'><img loading=\"lazy\" decoding=\"async\" width=\"150\" height=\"150\" src=\"https:\/\/colegioipal.com\/wp-content\/uploads\/2013\/04\/acto6-150x150.jpg\" class=\"attachment-thumbnail size-thumbnail\" alt=\"\" \/><\/a>\n\t\t\t<\/dt><\/dl><dl class='gallery-item'>\n\t\t\t<dt class='gallery-icon landscape'>\n\t\t\t\t<a href='https:\/\/colegioipal.com\/wp-content\/uploads\/2013\/04\/acto3.jpg'><img loading=\"lazy\" decoding=\"async\" width=\"150\" height=\"150\" src=\"https:\/\/colegioipal.com\/wp-content\/uploads\/2013\/04\/acto3-150x150.jpg\" class=\"attachment-thumbnail size-thumbnail\" alt=\"\" \/><\/a>\n\t\t\t<\/dt><\/dl><dl class='gallery-item'>\n\t\t\t<dt class='gallery-icon landscape'>\n\t\t\t\t<a href='https:\/\/colegioipal.com\/wp-content\/uploads\/2013\/04\/acto4.jpg'><img loading=\"lazy\" decoding=\"async\" width=\"150\" height=\"150\" src=\"https:\/\/colegioipal.com\/wp-content\/uploads\/2013\/04\/acto4-150x150.jpg\" class=\"attachment-thumbnail size-thumbnail\" alt=\"\" \/><\/a>\n\t\t\t<\/dt><\/dl><br style=\"clear: both\" \/><dl class='gallery-item'>\n\t\t\t<dt class='gallery-icon landscape'>\n\t\t\t\t<a href='https:\/\/colegioipal.com\/wp-content\/uploads\/2013\/04\/acto7.jpg'><img loading=\"lazy\" decoding=\"async\" width=\"150\" height=\"150\" src=\"https:\/\/colegioipal.com\/wp-content\/uploads\/2013\/04\/acto7-150x150.jpg\" class=\"attachment-thumbnail size-thumbnail\" alt=\"\" \/><\/a>\n\t\t\t<\/dt><\/dl>\n\t\t\t<br style='clear: both' \/>\n\t\t<\/div>\n\n","protected":false},"excerpt":{"rendered":"<p>Alumnos de la primaria realizaron una visita educativa a La Br\u00fajula &#8211; Exposici\u00f3n de Ciencia y Tecnolog\u00eda. El d\u00eda 8 de abril se\u00a0inauguraron\u00a0las nuevas aulas del establecimiento con motivo de celebrarse el aniversario del nacimiento de nuestro Patrono. El acto\u00a0cont\u00f3\u00a0con la destacada presencia de La Banda de M\u00fasica de la\u00a0Polic\u00eda\u00a0de Mendoza y el Ballet de [&hellip;]<\/p>\n","protected":false},"author":1,"featured_media":0,"parent":0,"menu_order":0,"comment_status":"closed","ping_status":"open","template":"","meta":{"footnotes":""},"class_list":["post-95","page","type-page","status-publish","hentry"],"_links":{"self":[{"href":"https:\/\/colegioipal.com\/index.php?rest_route=\/wp\/v2\/pages\/95","targetHints":{"allow":["GET"]}}],"collection":[{"href":"https:\/\/colegioipal.com\/index.php?rest_route=\/wp\/v2\/pages"}],"about":[{"href":"https:\/\/colegioipal.com\/index.php?rest_route=\/wp\/v2\/types\/page"}],"author":[{"embeddable":true,"href":"https:\/\/colegioipal.com\/index.php?rest_route=\/wp\/v2\/users\/1"}],"replies":[{"embeddable":true,"href":"https:\/\/colegioipal.com\/index.php?rest_route=%2Fwp%2Fv2%2Fcomments&post=95"}],"version-history":[{"count":9,"href":"https:\/\/colegioipal.com\/index.php?rest_route=\/wp\/v2\/pages\/95\/revisions"}],"predecessor-version":[{"id":111,"href":"https:\/\/colegioipal.com\/index.php?rest_route=\/wp\/v2\/pages\/95\/revisions\/111"}],"wp:attachment":[{"href":"https:\/\/colegioipal.com\/index.php?rest_route=%2Fwp%2Fv2%2Fmedia&parent=95"}],"curies":[{"name":"wp","href":"https:\/\/api.w.org\/{rel}","templated":true}]}}