{"id":409,"date":"2017-02-22T15:05:27","date_gmt":"2017-02-22T18:05:27","guid":{"rendered":"http:\/\/colegioipal.com\/?page_id=409"},"modified":"2017-02-22T17:03:24","modified_gmt":"2017-02-22T20:03:24","slug":"nivel-inicial-y-primario","status":"publish","type":"page","link":"https:\/\/colegioipal.com\/?page_id=409","title":{"rendered":"Nivel Inicial y Primario"},"content":{"rendered":"<h1 style=\"text-align: center;\"><em><strong><span style=\"color: #008000;\">\u00abLa meta de la educaci\u00f3n infantil es cultivar su deseo natural de aprender\u00bb<\/span><\/strong><\/em><\/h1>\n<p style=\"text-align: center;\"><a href=\"http:\/\/colegioipal.com\/wp-content\/uploads\/2017\/02\/detective-788592_1280.jpg\"><img loading=\"lazy\" decoding=\"async\" class=\"alignnone size-medium wp-image-412\" src=\"http:\/\/colegioipal.com\/wp-content\/uploads\/2017\/02\/detective-788592_1280-200x300.jpg\" alt=\"detective-788592_1280\" width=\"200\" height=\"300\" srcset=\"https:\/\/colegioipal.com\/wp-content\/uploads\/2017\/02\/detective-788592_1280-200x300.jpg 200w, https:\/\/colegioipal.com\/wp-content\/uploads\/2017\/02\/detective-788592_1280-682x1024.jpg 682w, https:\/\/colegioipal.com\/wp-content\/uploads\/2017\/02\/detective-788592_1280-624x937.jpg 624w, https:\/\/colegioipal.com\/wp-content\/uploads\/2017\/02\/detective-788592_1280.jpg 852w\" sizes=\"auto, (max-width: 200px) 100vw, 200px\" \/><\/a><\/p>\n<h2 style=\"text-align: left;\"><span style=\"color: #008000;\">Nuestra Misi\u00f3n:<\/span><\/h2>\n<ul>\n<li style=\"text-align: justify;\">Establecer nexos afectivos entre los miembros del Instituto que tiendan al desarrollo de actitudes y conductas responsables con el fin de crear una real comunicaci\u00f3n de procederes.<\/li>\n<li style=\"text-align: justify;\">Intensificar en los miembros de la comunidad el respeto, conservaci\u00f3n, construcci\u00f3n e incorporaci\u00f3n de elementos que sirvan de apoyo en la tarea educativa y que cuenta o contar\u00e1 el Instituto.<\/li>\n<li style=\"text-align: justify;\">Observar actitudes de disciplina individual y de relaci\u00f3n entre todos los miembros de la comunidad que tiendan a lograr el respeto mutuo.<\/li>\n<li style=\"text-align: justify;\">Concientizar en cada miembro de la comunidad de lo importante que es para el desarrollo progresivo del Instituto el desempe\u00f1o de cada uno en su rol, en un clima de absoluta responsabilidad y amplia colaboraci\u00f3n.<\/li>\n<\/ul>\n<h2 style=\"text-align: left;\"><span style=\"color: #008000;\">Nuestra Visi\u00f3n:<\/span><\/h2>\n<ul>\n<li style=\"text-align: justify;\">Dominar los instrumentos culturales b\u00e1sicos que le permitan manejarse de manera creativa y aut\u00f3noma para resolver situaciones nuevas.<\/li>\n<li style=\"text-align: justify;\">Permitir el desarrollo efectivo y motriz en forma ordenada, secuenciada, respetando las necesidades y la adquisici\u00f3n de h\u00e1bitos y habilidades propias de la etapa escolar.<\/li>\n<li style=\"text-align: justify;\">Iniciar la conciencia del hombre argentino sobre la base de principios democr\u00e1ticos y republicanos que le permitan una participaci\u00f3n efectiva y comprometida en la cosecuci\u00f3n de los ideales de la naci\u00f3n.<\/li>\n<li style=\"text-align: justify;\">Adquirir comportamientos durables y flexibles para valorar y cuidar su salud f\u00edsica y mental a trav\u00e9s de pr\u00e1cticas sencillas y cotidianas.<\/li>\n<li style=\"text-align: justify;\">Lograr una actitud de disposici\u00f3n constante a aprender, a trav\u00e9s de caminos propios y b\u00fasqueda de los medios necesarios para sus ajustes.<\/li>\n<\/ul>\n<p>&nbsp;<\/p>\n<div style=\"width: 100%;\">\n<div style=\"position: relative; padding-bottom: 56.31%; padding-top: 0; height: 0;\">\n <iframe loading=\"lazy\" frameborder=\"0\" width=\"1600\" height=\"901\" style=\"position: absolute; top: 0; left: 0; width: 100%; height: 100%;\" src=\"https:\/\/www.genial.ly\/View\/Index\/58ade00248d738188c481ba3\" type=\"text\/html\" allowscriptaccess=\"always\" allowfullscreen=\"true\" scrolling=\"no\" allownetworking=\"all\"><\/iframe>\n <\/div>\n<\/p><\/div>\n","protected":false},"excerpt":{"rendered":"<p>\u00abLa meta de la educaci\u00f3n infantil es cultivar su deseo natural de aprender\u00bb Nuestra Misi\u00f3n: Establecer nexos afectivos entre los miembros del Instituto que tiendan al desarrollo de actitudes y conductas responsables con el fin de crear una real comunicaci\u00f3n de procederes. Intensificar en los miembros de la comunidad el respeto, conservaci\u00f3n, construcci\u00f3n e incorporaci\u00f3n [&hellip;]<\/p>\n","protected":false},"author":1,"featured_media":0,"parent":0,"menu_order":0,"comment_status":"closed","ping_status":"open","template":"","meta":{"footnotes":""},"class_list":["post-409","page","type-page","status-publish","hentry"],"_links":{"self":[{"href":"https:\/\/colegioipal.com\/index.php?rest_route=\/wp\/v2\/pages\/409","targetHints":{"allow":["GET"]}}],"collection":[{"href":"https:\/\/colegioipal.com\/index.php?rest_route=\/wp\/v2\/pages"}],"about":[{"href":"https:\/\/colegioipal.com\/index.php?rest_route=\/wp\/v2\/types\/page"}],"author":[{"embeddable":true,"href":"https:\/\/colegioipal.com\/index.php?rest_route=\/wp\/v2\/users\/1"}],"replies":[{"embeddable":true,"href":"https:\/\/colegioipal.com\/index.php?rest_route=%2Fwp%2Fv2%2Fcomments&post=409"}],"version-history":[{"count":6,"href":"https:\/\/colegioipal.com\/index.php?rest_route=\/wp\/v2\/pages\/409\/revisions"}],"predecessor-version":[{"id":416,"href":"https:\/\/colegioipal.com\/index.php?rest_route=\/wp\/v2\/pages\/409\/revisions\/416"}],"wp:attachment":[{"href":"https:\/\/colegioipal.com\/index.php?rest_route=%2Fwp%2Fv2%2Fmedia&parent=409"}],"curies":[{"name":"wp","href":"https:\/\/api.w.org\/{rel}","templated":true}]}}